{"id":198,"date":"2024-06-23T07:41:37","date_gmt":"2024-06-23T07:41:37","guid":{"rendered":"https:\/\/copnetiq.hu\/?page_id=198"},"modified":"2025-06-23T09:06:06","modified_gmt":"2025-06-23T09:06:06","slug":"home","status":"publish","type":"page","link":"https:\/\/copnetiq.hu\/","title":{"rendered":"H\u00e1l\u00f3zatok a j\u00f6v\u0151nek"},"content":{"rendered":"\n<div class=\"wp-block-group alignfull has-global-padding is-content-justification-center is-layout-constrained wp-container-core-group-is-layout-df757ecc wp-block-group-is-layout-constrained\" style=\"margin-top:0;margin-bottom:0;padding-top:calc( 0.5 * var(--wp--style--root--padding-right, var(--wp--custom--gap--horizontal)));padding-right:var(--wp--style--root--padding-right, var(--wp--custom--gap--horizontal));padding-bottom:calc( 0.5 * var(--wp--style--root--padding-right, var(--wp--custom--gap--horizontal)));padding-left:var(--wp--style--root--padding-left, var(--wp--custom--gap--horizontal))\">\n<div style=\"height:calc( 0.25 * var(--wp--style--root--padding-right, var(--wp--custom--gap--horizontal)))\" aria-hidden=\"true\" class=\"wp-block-spacer\"><\/div>\n\n\n\n<div class=\"wp-block-group alignfull has-global-padding is-content-justification-center is-layout-constrained wp-container-core-group-is-layout-7575cf56 wp-block-group-is-layout-constrained\" style=\"margin-top:0;margin-bottom:0;padding-top:0;padding-right:var(--wp--style--root--padding-right, var(--wp--custom--gap--horizontal));padding-bottom:calc( 0.5 * var(--wp--style--root--padding-right, var(--wp--custom--gap--horizontal)));padding-left:var(--wp--style--root--padding-left, var(--wp--custom--gap--horizontal))\">\n<div style=\"height:calc( 0.25 * var(--wp--style--root--padding-right, var(--wp--custom--gap--horizontal)))\" aria-hidden=\"true\" class=\"wp-block-spacer\"><\/div>\n\n\n\n<div class=\"wp-block-group alignwide has-global-padding is-layout-constrained wp-block-group-is-layout-constrained\">\n<h2 class=\"wp-block-heading has-text-align-center has-ast-global-color-2-color has-text-color\">Elektromoss\u00e1g- Informatika &#8211; Okosotthon<\/h2>\n\n\n\n<p class=\"has-text-align-center\">Lecsap a megszak\u00edt\u00f3? Bek\u00f6t\u00e9sre v\u00e1r a f\u0151z\u0151lap? Le kell cser\u00e9lni a konnektort vagy a l\u00e1mp\u00e1t?<br>A legegyszer\u0171bb feladatokt\u00f3l a komplett lak\u00e1sautomatiz\u00e1l\u00e1sig sz\u00e1mtalan probl\u00e9m\u00e1ra van megold\u00e1sunk!<br>Egyeztessen id\u0151pontot m\u00e9g ma!<\/p>\n\n\n\n<div class=\"wp-block-buttons is-horizontal is-content-justification-center is-layout-flex wp-container-core-buttons-is-layout-ecd33c62 wp-block-buttons-is-layout-flex\">\n<div class=\"wp-block-button\"><a class=\"wp-block-button__link wp-element-button\" href=\"https:\/\/copnetiq.hu\/index.php\/home\/kapcsolat\/\">Kapcsolat<\/a><\/div>\n<\/div>\n<\/div>\n\n\n\n<div style=\"height:calc( 0.25 * var(--wp--style--root--padding-right, var(--wp--custom--gap--horizontal)))\" aria-hidden=\"true\" class=\"wp-block-spacer\"><\/div>\n<\/div>\n\n\n\n<div class=\"wp-block-group alignwide has-global-padding is-layout-constrained wp-block-group-is-layout-constrained\">\n<h2 class=\"wp-block-heading alignfull has-text-align-left\" style=\"font-style:normal;font-weight:100\">Szolg\u00e1ltat\u00e1saink<\/h2>\n<\/div>\n\n\n\n<div style=\"height:var(--wp--preset--spacing--20)\" aria-hidden=\"true\" class=\"wp-block-spacer\"><\/div>\n\n\n\n<div class=\"wp-block-columns alignwide is-layout-flex wp-container-core-columns-is-layout-d0846407 wp-block-columns-is-layout-flex\">\n<div class=\"wp-block-column is-layout-flow wp-block-column-is-layout-flow\">\n<figure class=\"wp-block-image size-large is-style-default\"><img loading=\"lazy\" decoding=\"async\" width=\"771\" height=\"1024\" src=\"https:\/\/copnetiq.hu\/wp-content\/uploads\/2025\/04\/Minimalist-Pendant-Lights-771x1024.jpeg\" alt=\"\" class=\"wp-image-474\" style=\"aspect-ratio:4\/3;object-fit:cover\" srcset=\"https:\/\/copnetiq.hu\/wp-content\/uploads\/2025\/04\/Minimalist-Pendant-Lights-771x1024.jpeg 771w, https:\/\/copnetiq.hu\/wp-content\/uploads\/2025\/04\/Minimalist-Pendant-Lights-226x300.jpeg 226w, https:\/\/copnetiq.hu\/wp-content\/uploads\/2025\/04\/Minimalist-Pendant-Lights-768x1019.jpeg 768w, https:\/\/copnetiq.hu\/wp-content\/uploads\/2025\/04\/Minimalist-Pendant-Lights-600x796.jpeg 600w, https:\/\/copnetiq.hu\/wp-content\/uploads\/2025\/04\/Minimalist-Pendant-Lights.jpeg 904w\" sizes=\"auto, (max-width: 771px) 100vw, 771px\" \/><\/figure>\n\n\n\n<div style=\"height:4px\" aria-hidden=\"true\" class=\"wp-block-spacer\"><\/div>\n\n\n\n<div class=\"wp-block-group is-layout-flow wp-block-group-is-layout-flow\">\n<h3 class=\"wp-block-heading is-service-name has-medium-font-size\" style=\"font-style:normal;font-weight:700\">Elektromos h\u00e1l\u00f3zatok \u00e9s szerelv\u00e9nyek<\/h3>\n<\/div>\n\n\n\n<p class=\"is-service-description\">A rendszeres karbantart\u00e1s a biztons\u00e1gos m\u0171k\u00f6d\u00e9s garanci\u00e1ja. Ez al\u00f3l elektromos h\u00e1l\u00f3zata sem kiv\u00e9tel. A v\u00e1lt\u00f3z\u00f3 energiahaszn\u00e1lati szok\u00e1sok, a nagyobb \u00e9s energiaig\u00e9nyesebb h\u00e1ztart\u00e1si g\u00e9pek id\u0151r\u0151l id\u0151re megk\u00f6vetelik az elektromos h\u00e1l\u00f3zat fel\u00faj\u00edt\u00e1s\u00e1t. <br><a href=\"https:\/\/copnetiq.hu\/index.php\/home\/kapcsolat\/\" data-type=\"page\" data-id=\"401\"><strong>H\u00edvjon minket! &gt;&gt;&gt;<\/strong><\/a><\/p>\n<\/div>\n\n\n\n<div class=\"wp-block-column is-layout-flow wp-block-column-is-layout-flow\">\n<figure class=\"wp-block-image size-large\"><img loading=\"lazy\" decoding=\"async\" width=\"724\" height=\"1024\" src=\"https:\/\/copnetiq.hu\/wp-content\/uploads\/2025\/04\/Network-Server-Close-Up-724x1024.jpeg\" alt=\"\" class=\"wp-image-463\" style=\"aspect-ratio:4\/3;object-fit:cover\" srcset=\"https:\/\/copnetiq.hu\/wp-content\/uploads\/2025\/04\/Network-Server-Close-Up-724x1024.jpeg 724w, https:\/\/copnetiq.hu\/wp-content\/uploads\/2025\/04\/Network-Server-Close-Up-212x300.jpeg 212w, https:\/\/copnetiq.hu\/wp-content\/uploads\/2025\/04\/Network-Server-Close-Up-768x1086.jpeg 768w, https:\/\/copnetiq.hu\/wp-content\/uploads\/2025\/04\/Network-Server-Close-Up-600x848.jpeg 600w, https:\/\/copnetiq.hu\/wp-content\/uploads\/2025\/04\/Network-Server-Close-Up.jpeg 849w\" sizes=\"auto, (max-width: 724px) 100vw, 724px\" \/><\/figure>\n\n\n\n<div style=\"height:4px\" aria-hidden=\"true\" class=\"wp-block-spacer\"><\/div>\n\n\n\n<div class=\"wp-block-group is-layout-flow wp-block-group-is-layout-flow\">\n<h3 class=\"wp-block-heading is-service-name has-medium-font-size\" style=\"font-style:normal;font-weight:700\">Informatikai h\u00e1l\u00f3zatok<\/h3>\n<\/div>\n\n\n\n<p class=\"is-service-description\">Ma m\u00e1r egy \u00e1tlagos otthonban is alapk\u00f6vetelm\u00e9ny a megfelel\u0151 informatikai infrastrukt\u00fara. Mindegy, hogyan alakuljon az \u00e9let, megfelel\u0151en el\u0151k\u00e9sz\u00edtett rendszerrel nem jelenthet gondot egyetlen helys\u00e9gben sem egy telev\u00edzi\u00f3, sz\u00e1m\u00edt\u00f3g\u00e9p, vagy acces point csatlakoztat\u00e1sa. <br><a href=\"https:\/\/copnetiq.hu\/index.php\/home\/kapcsolat\/\" data-type=\"page\" data-id=\"401\"><strong>H\u00edvjon minket! &gt;&gt;&gt;<\/strong><\/a><\/p>\n<\/div>\n\n\n\n<div class=\"wp-block-column is-layout-flow wp-block-column-is-layout-flow\">\n<figure class=\"wp-block-image size-large\"><img loading=\"lazy\" decoding=\"async\" width=\"1024\" height=\"585\" src=\"https:\/\/copnetiq.hu\/wp-content\/uploads\/2025\/04\/Digital-Network-Visualization-1024x585.jpeg\" alt=\"\" class=\"wp-image-475\" style=\"aspect-ratio:4\/3;object-fit:cover\" srcset=\"https:\/\/copnetiq.hu\/wp-content\/uploads\/2025\/04\/Digital-Network-Visualization-1024x585.jpeg 1024w, https:\/\/copnetiq.hu\/wp-content\/uploads\/2025\/04\/Digital-Network-Visualization-300x172.jpeg 300w, https:\/\/copnetiq.hu\/wp-content\/uploads\/2025\/04\/Digital-Network-Visualization-768x439.jpeg 768w, https:\/\/copnetiq.hu\/wp-content\/uploads\/2025\/04\/Digital-Network-Visualization-600x343.jpeg 600w, https:\/\/copnetiq.hu\/wp-content\/uploads\/2025\/04\/Digital-Network-Visualization.jpeg 1200w\" sizes=\"auto, (max-width: 1024px) 100vw, 1024px\" \/><\/figure>\n\n\n\n<div style=\"height:4px\" aria-hidden=\"true\" class=\"wp-block-spacer\"><\/div>\n\n\n\n<div class=\"wp-block-group is-layout-flow wp-block-group-is-layout-flow\">\n<h3 class=\"wp-block-heading is-service-name has-medium-font-size\" style=\"font-style:normal;font-weight:700\">Okosotthon rendszerek<\/h3>\n<\/div>\n\n\n\n<p class=\"is-service-description\">Kell ez nekem? Csak ha szempont a k\u00e9nyelem. Ha meg tudjuk fogalmazni az ig\u00e9nyeinket, akkor v\u00e9gtelen lehet\u0151s\u00e9g\u00fcnk van megfelel\u0151en form\u00e1lni k\u00f6rnyezet\u00fcnket, a f\u00e9nyekt\u0151l kezdve a h\u0151m\u00e9rs\u00e9kleten kereszt\u00fcl a h\u00e1tt\u00e9rzen\u00e9ig. A j\u00f6v\u0151 k\u00e9nyelme m\u00e1r el\u00e9rhet\u0151. <br><a href=\"https:\/\/copnetiq.hu\/index.php\/home\/kapcsolat\/\" data-type=\"page\" data-id=\"401\"><strong>H\u00edvjon minket! &gt;&gt;&gt;<\/strong><\/a><\/p>\n<\/div>\n<\/div>\n\n\n\n<div style=\"height:calc( 0.25 * var(--wp--style--root--padding-right, var(--wp--custom--gap--horizontal)))\" aria-hidden=\"true\" class=\"wp-block-spacer\"><\/div>\n<\/div>\n\n\n\n<div class=\"wp-block-group alignfull has-global-padding is-content-justification-center is-layout-constrained wp-container-core-group-is-layout-df757ecc wp-block-group-is-layout-constrained\" style=\"margin-top:0;margin-bottom:0;padding-top:calc( 0.5 * var(--wp--style--root--padding-right, var(--wp--custom--gap--horizontal)));padding-right:var(--wp--style--root--padding-right, var(--wp--custom--gap--horizontal));padding-bottom:calc( 0.5 * var(--wp--style--root--padding-right, var(--wp--custom--gap--horizontal)));padding-left:var(--wp--style--root--padding-left, var(--wp--custom--gap--horizontal))\">\n<div style=\"height:calc( 0.25 * var(--wp--style--root--padding-right, var(--wp--custom--gap--horizontal)))\" aria-hidden=\"true\" class=\"wp-block-spacer\"><\/div>\n\n\n\n<div class=\"wp-block-cover is-light wp-duotone-unset-1\" style=\"margin-top:0;margin-bottom:0;padding-top:3%;padding-right:0%;padding-bottom:10%;padding-left:5%;min-height:600px;aspect-ratio:unset;\"><img loading=\"lazy\" decoding=\"async\" width=\"1024\" height=\"574\" class=\"wp-block-cover__image-background wp-image-468 size-large\" alt=\"\" src=\"https:\/\/copnetiq.hu\/wp-content\/uploads\/2025\/04\/Tranquil-Modern-Interior-with-Lake-View-1024x574.jpeg\" data-object-fit=\"cover\" srcset=\"https:\/\/copnetiq.hu\/wp-content\/uploads\/2025\/04\/Tranquil-Modern-Interior-with-Lake-View-1024x574.jpeg 1024w, https:\/\/copnetiq.hu\/wp-content\/uploads\/2025\/04\/Tranquil-Modern-Interior-with-Lake-View-300x168.jpeg 300w, https:\/\/copnetiq.hu\/wp-content\/uploads\/2025\/04\/Tranquil-Modern-Interior-with-Lake-View-768x431.jpeg 768w, https:\/\/copnetiq.hu\/wp-content\/uploads\/2025\/04\/Tranquil-Modern-Interior-with-Lake-View-600x337.jpeg 600w, https:\/\/copnetiq.hu\/wp-content\/uploads\/2025\/04\/Tranquil-Modern-Interior-with-Lake-View.jpeg 1200w\" sizes=\"auto, (max-width: 1024px) 100vw, 1024px\" \/><span aria-hidden=\"true\" class=\"wp-block-cover__background has-background-dim-40 has-background-dim\" style=\"background-color:#79888a\"><\/span><div class=\"wp-block-cover__inner-container is-layout-flow wp-container-core-cover-is-layout-afcb1702 wp-block-cover-is-layout-flow\">\n<h3 class=\"wp-block-heading\">D\u0151lj\u00f6n h\u00e1tra \u00e9s \u00e9lvezze a nyugalmat<\/h3>\n\n\n\n<p>Egy j\u00f3 okos otthon tudja mire van sz\u00fcks\u00e9ge. \u00d6nnek mit jelent a k\u00e9nyelem?<\/p>\n\n\n\n<div class=\"wp-block-buttons is-layout-flex wp-block-buttons-is-layout-flex\" style=\"margin-top:var(--wp--preset--spacing--30);margin-bottom:var(--wp--preset--spacing--30)\">\n<div class=\"wp-block-button\"><a class=\"wp-block-button__link wp-element-button\" href=\"https:\/\/copnetiq.hu\/index.php\/home\/kapcsolat\/\">Egyeztessen id\u0151pontot<\/a><\/div>\n<\/div>\n<\/div><\/div>\n<\/div>\n\n\n\n<p><\/p>\n","protected":false},"excerpt":{"rendered":"<p>Elektromoss\u00e1g- Informatika &#8211; Okosotthon Lecsap a megszak\u00edt\u00f3? Bek\u00f6t\u00e9sre v\u00e1r a f\u0151z\u0151lap? Le kell cser\u00e9lni a konnektort vagy a l\u00e1mp\u00e1t?A legegyszer\u0171bb feladatokt\u00f3l a komplett lak\u00e1sautomatiz\u00e1l\u00e1sig sz\u00e1mtalan probl\u00e9m\u00e1ra van megold\u00e1sunk!Egyeztessen id\u0151pontot m\u00e9g ma! Szolg\u00e1ltat\u00e1saink Elektromos h\u00e1l\u00f3zatok \u00e9s szerelv\u00e9nyek A rendszeres karbantart\u00e1s a biztons\u00e1gos m\u0171k\u00f6d\u00e9s garanci\u00e1ja. Ez al\u00f3l elektromos h\u00e1l\u00f3zata sem kiv\u00e9tel. A v\u00e1lt\u00f3z\u00f3 energiahaszn\u00e1lati szok\u00e1sok, a nagyobb [&hellip;]<\/p>\n","protected":false},"author":1,"featured_media":512,"parent":0,"menu_order":0,"comment_status":"closed","ping_status":"closed","template":"","meta":{"inline_featured_image":false,"footnotes":""},"class_list":["post-198","page","type-page","status-publish","has-post-thumbnail","hentry"],"_links":{"self":[{"href":"https:\/\/copnetiq.hu\/index.php\/wp-json\/wp\/v2\/pages\/198","targetHints":{"allow":["GET"]}}],"collection":[{"href":"https:\/\/copnetiq.hu\/index.php\/wp-json\/wp\/v2\/pages"}],"about":[{"href":"https:\/\/copnetiq.hu\/index.php\/wp-json\/wp\/v2\/types\/page"}],"author":[{"embeddable":true,"href":"https:\/\/copnetiq.hu\/index.php\/wp-json\/wp\/v2\/users\/1"}],"replies":[{"embeddable":true,"href":"https:\/\/copnetiq.hu\/index.php\/wp-json\/wp\/v2\/comments?post=198"}],"version-history":[{"count":31,"href":"https:\/\/copnetiq.hu\/index.php\/wp-json\/wp\/v2\/pages\/198\/revisions"}],"predecessor-version":[{"id":576,"href":"https:\/\/copnetiq.hu\/index.php\/wp-json\/wp\/v2\/pages\/198\/revisions\/576"}],"wp:featuredmedia":[{"embeddable":true,"href":"https:\/\/copnetiq.hu\/index.php\/wp-json\/wp\/v2\/media\/512"}],"wp:attachment":[{"href":"https:\/\/copnetiq.hu\/index.php\/wp-json\/wp\/v2\/media?parent=198"}],"curies":[{"name":"wp","href":"https:\/\/api.w.org\/{rel}","templated":true}]}}