{"id":394,"date":"2025-02-23T18:53:26","date_gmt":"2025-02-23T18:53:26","guid":{"rendered":"https:\/\/copnetiq.hu\/?page_id=394"},"modified":"2025-04-28T20:18:21","modified_gmt":"2025-04-28T20:18:21","slug":"rolunk","status":"publish","type":"page","link":"https:\/\/copnetiq.hu\/index.php\/home\/rolunk\/","title":{"rendered":"R\u00f3lunk"},"content":{"rendered":"\n<p>Mindenkinek kell egy c\u00e9l. Egy megval\u00f3s\u00edthat\u00f3 c\u00e9l, amibe szaktud\u00e1s\u00e1t \u00e9s sz\u00edv\u00e9t belet\u00e9ve dolgozhat. <\/p>\n\n\n\n<p>A mi vessz\u0151parip\u00e1nk a biztons\u00e1g \u00e9s a min\u0151s\u00e9g. <\/p>\n\n\n\n<p>Tapasztalataink szerint a magyarorsz\u00e1gi elektromos h\u00e1l\u00f3zatok \u00e1llapota messze nem el\u00e9gs\u00e9ges a biztons\u00e1gos m\u0171k\u00f6d\u00e9shez. Sz\u00e1mtalan helyen m\u00e9g \u00e1ramv\u00e9d\u0151 kapcsol\u00f3 (FI-rel\u00e9) sem ker\u00fclt be\u00e9p\u00edt\u00e9sre, mik\u00f6zben sok\u00e9ves jogszab\u00e1ly \u00edrja el\u0151 annak haszn\u00e1lat\u00e1t. De nem a szab\u00e1ly, hanem az \u00e1ltala el\u00e9rhet\u0151 biztons\u00e1g az ami miatt elengedhetetlen a haszn\u00e1lata minden lehets\u00e9ges helyen. <\/p>\n\n\n\n<p>A rendszeres karbantart\u00e1s, \u00e9s az id\u0151szakos fel\u00faj\u00edt\u00e1sok ter\u00e9n is komoly hi\u00e1nyoss\u00e1gok vannak, melyek k\u00f6vetkezt\u00e9ben sz\u00e1mos baleset k\u00f6vetkezik be, melyek megel\u0151zhet\u0151k lehettek volna.<\/p>\n\n\n\n<p>Gondoljon a csal\u00e1dj\u00e1ra. Gondoljon a j\u00f6v\u0151j\u00e9re. A korszer\u0171 elektromos h\u00e1l\u00f3zat biztos\u00edtja mindennapi \u00e9let\u00fcnk alapj\u00e1t. Mi ezt \u00e9p\u00edtj\u00fck meg! <\/p>\n\n\n\n<p><\/p>\n","protected":false},"excerpt":{"rendered":"<p>Mindenkinek kell egy c\u00e9l. Egy megval\u00f3s\u00edthat\u00f3 c\u00e9l, amibe szaktud\u00e1s\u00e1t \u00e9s sz\u00edv\u00e9t belet\u00e9ve dolgozhat. A mi vessz\u0151parip\u00e1nk a biztons\u00e1g \u00e9s a min\u0151s\u00e9g. Tapasztalataink szerint a magyarorsz\u00e1gi elektromos h\u00e1l\u00f3zatok \u00e1llapota messze nem el\u00e9gs\u00e9ges a biztons\u00e1gos m\u0171k\u00f6d\u00e9shez. Sz\u00e1mtalan helyen m\u00e9g \u00e1ramv\u00e9d\u0151 kapcsol\u00f3 (FI-rel\u00e9) sem ker\u00fclt be\u00e9p\u00edt\u00e9sre, mik\u00f6zben sok\u00e9ves jogszab\u00e1ly \u00edrja el\u0151 annak haszn\u00e1lat\u00e1t. De nem a szab\u00e1ly, hanem [&hellip;]<\/p>\n","protected":false},"author":1,"featured_media":0,"parent":198,"menu_order":0,"comment_status":"closed","ping_status":"closed","template":"","meta":{"inline_featured_image":false,"footnotes":""},"class_list":["post-394","page","type-page","status-publish","hentry"],"_links":{"self":[{"href":"https:\/\/copnetiq.hu\/index.php\/wp-json\/wp\/v2\/pages\/394","targetHints":{"allow":["GET"]}}],"collection":[{"href":"https:\/\/copnetiq.hu\/index.php\/wp-json\/wp\/v2\/pages"}],"about":[{"href":"https:\/\/copnetiq.hu\/index.php\/wp-json\/wp\/v2\/types\/page"}],"author":[{"embeddable":true,"href":"https:\/\/copnetiq.hu\/index.php\/wp-json\/wp\/v2\/users\/1"}],"replies":[{"embeddable":true,"href":"https:\/\/copnetiq.hu\/index.php\/wp-json\/wp\/v2\/comments?post=394"}],"version-history":[{"count":6,"href":"https:\/\/copnetiq.hu\/index.php\/wp-json\/wp\/v2\/pages\/394\/revisions"}],"predecessor-version":[{"id":491,"href":"https:\/\/copnetiq.hu\/index.php\/wp-json\/wp\/v2\/pages\/394\/revisions\/491"}],"up":[{"embeddable":true,"href":"https:\/\/copnetiq.hu\/index.php\/wp-json\/wp\/v2\/pages\/198"}],"wp:attachment":[{"href":"https:\/\/copnetiq.hu\/index.php\/wp-json\/wp\/v2\/media?parent=394"}],"curies":[{"name":"wp","href":"https:\/\/api.w.org\/{rel}","templated":true}]}}