{"id":406,"date":"2025-02-23T18:58:33","date_gmt":"2025-02-23T18:58:33","guid":{"rendered":"https:\/\/copnetiq.hu\/?page_id=406"},"modified":"2025-03-31T20:06:37","modified_gmt":"2025-03-31T20:06:37","slug":"kuldetesunk","status":"publish","type":"page","link":"https:\/\/copnetiq.hu\/index.php\/home\/rolunk\/kuldetesunk\/","title":{"rendered":"K\u00fcldet\u00e9s\u00fcnk"},"content":{"rendered":"\n<p>Az \u00d6n biztons\u00e1ga \u00e9s k\u00e9nyelme.<\/p>\n\n\n\n<p>Egy modern elektromos h\u00e1l\u00f3zat biztons\u00e1gos \u00e9s megb\u00edzhet\u00f3 energiaforr\u00e1s eszk\u00f6zei sz\u00e1m\u00e1ra.<\/p>\n\n\n\n<p>Egy modern informatikai h\u00e1l\u00f3zat nagy sebess\u00e9g\u0171 adat\u00e1tvitelt tesz lehet\u0151v\u00e9 az ingatlan eg\u00e9sz ter\u00fclet\u00e9n.<\/p>\n\n\n\n<p>Egy okosotthon rendszer az \u00d6n ig\u00e9nyeihez alkalmazkodik, energi\u00e1t takar\u00edt meg, \u00e9s \u00e9szrev\u00e9tlen\u00fcl megk\u00f6nny\u00edti \u00e9let\u00e9t.<\/p>\n\n\n\n<p>Mi mindh\u00e1rmat meg tudjuk \u00e9p\u00edteni, \u00edgy otthona a nyugalomr\u00f3l \u00e9s a kikapcsol\u00f3d\u00e1sr\u00f3l sz\u00f3lhat, ahogy \u00d6n szeret\u00e9!<\/p>\n","protected":false},"excerpt":{"rendered":"<p>Az \u00d6n biztons\u00e1ga \u00e9s k\u00e9nyelme. Egy modern elektromos h\u00e1l\u00f3zat biztons\u00e1gos \u00e9s megb\u00edzhet\u00f3 energiaforr\u00e1s eszk\u00f6zei sz\u00e1m\u00e1ra. Egy modern informatikai h\u00e1l\u00f3zat nagy sebess\u00e9g\u0171 adat\u00e1tvitelt tesz lehet\u0151v\u00e9 az ingatlan eg\u00e9sz ter\u00fclet\u00e9n. Egy okosotthon rendszer az \u00d6n ig\u00e9nyeihez alkalmazkodik, energi\u00e1t takar\u00edt meg, \u00e9s \u00e9szrev\u00e9tlen\u00fcl megk\u00f6nny\u00edti \u00e9let\u00e9t. Mi mindh\u00e1rmat meg tudjuk \u00e9p\u00edteni, \u00edgy otthona a nyugalomr\u00f3l \u00e9s a kikapcsol\u00f3d\u00e1sr\u00f3l sz\u00f3lhat, [&hellip;]<\/p>\n","protected":false},"author":1,"featured_media":0,"parent":394,"menu_order":0,"comment_status":"closed","ping_status":"closed","template":"","meta":{"inline_featured_image":false,"footnotes":""},"class_list":["post-406","page","type-page","status-publish","hentry"],"_links":{"self":[{"href":"https:\/\/copnetiq.hu\/index.php\/wp-json\/wp\/v2\/pages\/406","targetHints":{"allow":["GET"]}}],"collection":[{"href":"https:\/\/copnetiq.hu\/index.php\/wp-json\/wp\/v2\/pages"}],"about":[{"href":"https:\/\/copnetiq.hu\/index.php\/wp-json\/wp\/v2\/types\/page"}],"author":[{"embeddable":true,"href":"https:\/\/copnetiq.hu\/index.php\/wp-json\/wp\/v2\/users\/1"}],"replies":[{"embeddable":true,"href":"https:\/\/copnetiq.hu\/index.php\/wp-json\/wp\/v2\/comments?post=406"}],"version-history":[{"count":5,"href":"https:\/\/copnetiq.hu\/index.php\/wp-json\/wp\/v2\/pages\/406\/revisions"}],"predecessor-version":[{"id":450,"href":"https:\/\/copnetiq.hu\/index.php\/wp-json\/wp\/v2\/pages\/406\/revisions\/450"}],"up":[{"embeddable":true,"href":"https:\/\/copnetiq.hu\/index.php\/wp-json\/wp\/v2\/pages\/394"}],"wp:attachment":[{"href":"https:\/\/copnetiq.hu\/index.php\/wp-json\/wp\/v2\/media?parent=406"}],"curies":[{"name":"wp","href":"https:\/\/api.w.org\/{rel}","templated":true}]}}