{"id":412,"date":"2025-02-23T19:00:13","date_gmt":"2025-02-23T19:00:13","guid":{"rendered":"https:\/\/copnetiq.hu\/?page_id=412"},"modified":"2025-04-28T16:51:41","modified_gmt":"2025-04-28T16:51:41","slug":"lakossagi-villanyszereles","status":"publish","type":"page","link":"https:\/\/copnetiq.hu\/index.php\/home\/szolgaltatasok\/lakossagi-villanyszereles\/","title":{"rendered":"Lakoss\u00e1gi villanyszerel\u00e9s"},"content":{"rendered":"\n<p>A biztons\u00e1gos energiaell\u00e1t\u00e1s \u00e9let\u00fcnk alapja. Az id\u0151 semmit sem k\u00edm\u00e9l, \u00e9s mint mindennek k\u00f6rnyezet\u00fcnkben, elektromos h\u00e1l\u00f3zatunknak is rendszeres karbantart\u00e1sra van sz\u00fcks\u00e9ge. Persze nem csak funkcion\u00e1lis, hanem eszt\u00e9tikai okokb\u00f3l is sz\u00fcks\u00e9ges lehet elektromos szerel\u00e9sekre, gondoljunk ak\u00e1r egy j\u00f3l kin\u00e9z\u0151 kapcsol\u00f3ra vagy egy modern vil\u00e1g\u00edt\u00f3testre.<\/p>\n\n\n\n<p><strong>Mit k\u00edn\u00e1lunk?<\/strong><\/p>\n\n\n\n<ul class=\"wp-block-list\">\n<li><strong>Megl\u00e9v\u0151 h\u00e1l\u00f3zatok fel\u00faj\u00edt\u00e1sa \u00e9s korszer\u0171s\u00edt\u00e9se:<\/strong> Elavult vagy nem biztons\u00e1gos elektromos rendszerek fel\u00faj\u00edt\u00e1sa, a hat\u00e9konys\u00e1g n\u00f6vel\u00e9se \u00e9s a biztons\u00e1gi el\u0151\u00edr\u00e1soknak val\u00f3 megfelel\u00e9s \u00e9rdek\u00e9ben. <\/li>\n\n\n\n<li><strong>Hibaelh\u00e1r\u00edt\u00e1s \u00e9s jav\u00edt\u00e1s:<\/strong> Hirtelen fell\u00e9p\u0151 elektromos probl\u00e9m\u00e1k  szakszer\u0171 elh\u00e1r\u00edt\u00e1sa.<\/li>\n\n\n\n<li><strong>L\u00e1mp\u00e1k \u00e9s vil\u00e1g\u00edt\u00f3testek felszerel\u00e9se:<\/strong> Belt\u00e9ri \u00e9s k\u00fclt\u00e9ri vil\u00e1g\u00edt\u00e1s tervez\u00e9se \u00e9s szakszer\u0171 telep\u00edt\u00e9se, bele\u00e9rtve a modern LED-es megold\u00e1sokat is. <\/li>\n\n\n\n<li><strong>Kapcsol\u00f3k \u00e9s konnektorok cser\u00e9je, \u00e1thelyez\u00e9se:<\/strong> Ig\u00e9ny szerint elv\u00e9gezz\u00fck a megl\u00e9v\u0151 kapcsol\u00f3k \u00e9s konnektorok cser\u00e9j\u00e9t, vagy \u00fajak ki\u00e9p\u00edt\u00e9s\u00e9t a k\u00edv\u00e1nt helyen. <\/li>\n\n\n\n<li><strong>H\u00e1ztart\u00e1si g\u00e9pek bek\u00f6t\u00e9se:<\/strong> Elektromos t\u0171zhelyek, s\u00fct\u0151k, mos\u00f3g\u00e9pek \u00e9s egy\u00e9b nagyg\u00e9pek biztons\u00e1gos \u00e9s szabv\u00e1nyos bek\u00f6t\u00e9se.<\/li>\n<\/ul>\n\n\n\n<p><strong>Mi\u00e9rt minket v\u00e1lasszon?<\/strong><\/p>\n\n\n\n<ul class=\"wp-block-list\">\n<li>Szak\u00e9rtelem<\/li>\n\n\n\n<li>Min\u0151s\u00e9gi anyagok haszn\u00e1lata<\/li>\n\n\n\n<li>\u00dcgyf\u00e9lk\u00f6zpont\u00fa szeml\u00e9let<\/li>\n<\/ul>\n\n\n\n<p>L\u00e9pjen kapcsolatba vel\u00fcnk m\u00e9g ma, \u00e9s foglaljon id\u0151pontot!<\/p>\n\n\n\n<div class=\"wp-block-buttons is-layout-flex wp-block-buttons-is-layout-flex\">\n<div class=\"wp-block-button\"><a class=\"wp-block-button__link wp-element-button\" href=\"https:\/\/copnetiq.hu\/index.php\/home\/kapcsolat\/\">Kapcsolat<\/a><\/div>\n<\/div>\n","protected":false},"excerpt":{"rendered":"<p>A biztons\u00e1gos energiaell\u00e1t\u00e1s \u00e9let\u00fcnk alapja. Az id\u0151 semmit sem k\u00edm\u00e9l, \u00e9s mint mindennek k\u00f6rnyezet\u00fcnkben, elektromos h\u00e1l\u00f3zatunknak is rendszeres karbantart\u00e1sra van sz\u00fcks\u00e9ge. Persze nem csak funkcion\u00e1lis, hanem eszt\u00e9tikai okokb\u00f3l is sz\u00fcks\u00e9ges lehet elektromos szerel\u00e9sekre, gondoljunk ak\u00e1r egy j\u00f3l kin\u00e9z\u0151 kapcsol\u00f3ra vagy egy modern vil\u00e1g\u00edt\u00f3testre. Mit k\u00edn\u00e1lunk? Mi\u00e9rt minket v\u00e1lasszon? L\u00e9pjen kapcsolatba vel\u00fcnk m\u00e9g ma, \u00e9s foglaljon [&hellip;]<\/p>\n","protected":false},"author":1,"featured_media":0,"parent":397,"menu_order":0,"comment_status":"closed","ping_status":"closed","template":"","meta":{"inline_featured_image":false,"footnotes":""},"class_list":["post-412","page","type-page","status-publish","hentry"],"_links":{"self":[{"href":"https:\/\/copnetiq.hu\/index.php\/wp-json\/wp\/v2\/pages\/412","targetHints":{"allow":["GET"]}}],"collection":[{"href":"https:\/\/copnetiq.hu\/index.php\/wp-json\/wp\/v2\/pages"}],"about":[{"href":"https:\/\/copnetiq.hu\/index.php\/wp-json\/wp\/v2\/types\/page"}],"author":[{"embeddable":true,"href":"https:\/\/copnetiq.hu\/index.php\/wp-json\/wp\/v2\/users\/1"}],"replies":[{"embeddable":true,"href":"https:\/\/copnetiq.hu\/index.php\/wp-json\/wp\/v2\/comments?post=412"}],"version-history":[{"count":6,"href":"https:\/\/copnetiq.hu\/index.php\/wp-json\/wp\/v2\/pages\/412\/revisions"}],"predecessor-version":[{"id":496,"href":"https:\/\/copnetiq.hu\/index.php\/wp-json\/wp\/v2\/pages\/412\/revisions\/496"}],"up":[{"embeddable":true,"href":"https:\/\/copnetiq.hu\/index.php\/wp-json\/wp\/v2\/pages\/397"}],"wp:attachment":[{"href":"https:\/\/copnetiq.hu\/index.php\/wp-json\/wp\/v2\/media?parent=412"}],"curies":[{"name":"wp","href":"https:\/\/api.w.org\/{rel}","templated":true}]}}