{"id":420,"date":"2025-02-23T19:06:42","date_gmt":"2025-02-23T19:06:42","guid":{"rendered":"https:\/\/copnetiq.hu\/?page_id=420"},"modified":"2025-04-28T16:51:01","modified_gmt":"2025-04-28T16:51:01","slug":"okosotthon-rendszerek","status":"publish","type":"page","link":"https:\/\/copnetiq.hu\/index.php\/home\/szolgaltatasok\/okosotthon-rendszerek\/","title":{"rendered":"Okosotthon rendszerek"},"content":{"rendered":"\n<p>Az okosotthon rendszerek \u00faj szintre emelik az otthoni k\u00e9nyelmet, biztons\u00e1got \u00e9s energiahat\u00e9konys\u00e1got. Egyedi ig\u00e9nyei alapj\u00e1n seg\u00edt\u00fcnk \u00d6nnek megtervezni \u00e9s telep\u00edteni a legkorszer\u0171bb okosotthon megold\u00e1sokat, hogy otthona megfeleljen a 21. sz\u00e1zadi ig\u00e9nyeknek.<\/p>\n\n\n\n<p><strong>Mit k\u00edn\u00e1lunk?<\/strong><\/p>\n\n\n\n<ul class=\"wp-block-list\">\n<li><strong>Szem\u00e9lyre szabott tervez\u00e9s:<\/strong>\n<ul class=\"wp-block-list\">\n<li>Meg\u00e9rtj\u00fck az \u00d6n ig\u00e9nyeit \u00e9s \u00e9letst\u00edlus\u00e1t, hogy a legmegfelel\u0151bb okosotthon megold\u00e1sokat aj\u00e1nlhassuk.<\/li>\n\n\n\n<li>Seg\u00edt\u00fcnk kiv\u00e1lasztani a megfelel\u0151 eszk\u00f6z\u00f6ket \u00e9s rendszereket, legyen sz\u00f3 vil\u00e1g\u00edt\u00e1sr\u00f3l, f\u0171t\u00e9sr\u0151l, biztons\u00e1gr\u00f3l vagy sz\u00f3rakoztat\u00e1sr\u00f3l.<\/li>\n<\/ul>\n<\/li>\n\n\n\n<li><strong>Professzion\u00e1lis telep\u00edt\u00e9s:<\/strong>\n<ul class=\"wp-block-list\">\n<li>Pontosan \u00e9s prec\u00edzen telep\u00edtj\u00fck az otthon\u00e1t m\u0171k\u00f6dtet\u0151 eszk\u00f6z\u00f6ket, biztos\u00edtva a megb\u00edzhat\u00f3 m\u0171k\u00f6d\u00e9st.<\/li>\n\n\n\n<li>Gondoskodunk a z\u00f6kken\u0151mentes integr\u00e1ci\u00f3r\u00f3l \u00e9s a rendszer optim\u00e1lis be\u00e1ll\u00edt\u00e1s\u00e1r\u00f3l.<\/li>\n<\/ul>\n<\/li>\n\n\n\n<li><strong>Be\u00e1ll\u00edt\u00e1s \u00e9s oktat\u00e1s:<\/strong>\n<ul class=\"wp-block-list\">\n<li>Seg\u00edt\u00fcnk a rendszer be\u00e1ll\u00edt\u00e1s\u00e1ban \u00e9s testreszab\u00e1s\u00e1ban, hogy az megfeleljen az \u00d6n preferenci\u00e1inak.<\/li>\n\n\n\n<li>R\u00e9szletes oktat\u00e1st tartunk a rendszer haszn\u00e1lat\u00e1r\u00f3l, hogy \u00d6n k\u00f6nnyed\u00e9n ir\u00e1ny\u00edthassa otthon\u00e1t.<\/li>\n<\/ul>\n<\/li>\n\n\n\n<li><strong>Folyamatos t\u00e1mogat\u00e1s \u00e9s karbantart\u00e1s:<\/strong>\n<ul class=\"wp-block-list\">\n<li>Technikai t\u00e1mogat\u00e1st ny\u00fajtunk a rendszer m\u0171k\u00f6d\u00e9s\u00e9vel kapcsolatban felmer\u00fcl\u0151 k\u00e9rd\u00e9sekre.<\/li>\n\n\n\n<li>Rendszeres karbantart\u00e1ssal biztos\u00edtjuk az okosotthon rendszer hossz\u00fa t\u00e1v\u00fa \u00e9s megb\u00edzhat\u00f3 m\u0171k\u00f6d\u00e9s\u00e9t.<\/li>\n<\/ul>\n<\/li>\n<\/ul>\n\n\n\n<p><strong>Okosotthon megold\u00e1sok, amelyeket k\u00edn\u00e1lunk:<\/strong><\/p>\n\n\n\n<ul class=\"wp-block-list\">\n<li><strong>Intelligens vil\u00e1g\u00edt\u00e1s:<\/strong>\n<ul class=\"wp-block-list\">\n<li>\u00c1ll\u00edthat\u00f3 f\u00e9nyer\u0151 \u00e9s sz\u00ednh\u0151m\u00e9rs\u00e9klet, id\u0151z\u00edtett vil\u00e1g\u00edt\u00e1s, mozg\u00e1s\u00e9rz\u00e9kel\u0151s vez\u00e9rl\u00e9s.<\/li>\n\n\n\n<li>Energiatakar\u00e9kos megold\u00e1sok, ig\u00e9ny eset\u00e9n t\u00e1voli vez\u00e9rl\u00e9s okostelefonr\u00f3l.<\/li>\n<\/ul>\n<\/li>\n\n\n\n<li><strong>Okos f\u0171t\u00e9s \u00e9s h\u0171t\u00e9s:<\/strong>\n<ul class=\"wp-block-list\">\n<li>Programozhat\u00f3 termoszt\u00e1tok, z\u00f3navez\u00e9rl\u00e9s, t\u00e1voli h\u0151m\u00e9rs\u00e9klet-szab\u00e1lyoz\u00e1s.<\/li>\n\n\n\n<li>Energiahat\u00e9kony megold\u00e1sok, optim\u00e1lis komfort\u00e9rzet.<\/li>\n<\/ul>\n<\/li>\n\n\n\n<li><strong>Biztons\u00e1gi rendszerek:<\/strong>\n<ul class=\"wp-block-list\">\n<li>Riaszt\u00f3rendszerek, kamerarendszerek, mozg\u00e1s\u00e9rz\u00e9kel\u0151k, ajt\u00f3- \u00e9s ablak\u00e9rz\u00e9kel\u0151k.<\/li>\n<\/ul>\n<\/li>\n\n\n\n<li><strong>Sz\u00f3rakoztat\u00f3 rendszerek:<\/strong>\n<ul class=\"wp-block-list\">\n<li>Multiroom hangrendszerek, okos TV-k, m\u00e9dia streamerek.<\/li>\n\n\n\n<li>K\u00e9nyelmes vez\u00e9rl\u00e9s, szem\u00e9lyre szabott be\u00e1ll\u00edt\u00e1sok.<\/li>\n<\/ul>\n<\/li>\n\n\n\n<li><strong>Okos otthoni eszk\u00f6z\u00f6k:<\/strong>\n<ul class=\"wp-block-list\">\n<li>Automatiz\u00e1lt feladatok, k\u00e9nyelmes otthoni \u00e9let.<\/li>\n<\/ul>\n<\/li>\n<\/ul>\n\n\n\n<p><strong>Mi\u00e9rt minket v\u00e1lasszon?<\/strong><\/p>\n\n\n\n<ul class=\"wp-block-list\">\n<li>Szak\u00e9rtelem \u00e9s tapasztalat<\/li>\n\n\n\n<li>Min\u0151s\u00e9gi term\u00e9kek \u00e9s szolg\u00e1ltat\u00e1sok<\/li>\n\n\n\n<li>\u00dcgyf\u00e9lk\u00f6zpont\u00fa szeml\u00e9let<\/li>\n\n\n\n<li>Versenyk\u00e9pes \u00e1rak<\/li>\n<\/ul>\n\n\n\n<p><strong>L\u00e9pjen kapcsolatba vel\u00fcnk m\u00e9g ma, \u00e9s automatiz\u00e1lja otthon\u00e1t!<\/strong><\/p>\n\n\n\n<div class=\"wp-block-buttons is-layout-flex wp-block-buttons-is-layout-flex\">\n<div class=\"wp-block-button\"><a class=\"wp-block-button__link wp-element-button\" href=\"https:\/\/copnetiq.hu\/index.php\/home\/kapcsolat\/\">Kapcsolat<\/a><\/div>\n<\/div>\n","protected":false},"excerpt":{"rendered":"<p>Az okosotthon rendszerek \u00faj szintre emelik az otthoni k\u00e9nyelmet, biztons\u00e1got \u00e9s energiahat\u00e9konys\u00e1got. Egyedi ig\u00e9nyei alapj\u00e1n seg\u00edt\u00fcnk \u00d6nnek megtervezni \u00e9s telep\u00edteni a legkorszer\u0171bb okosotthon megold\u00e1sokat, hogy otthona megfeleljen a 21. sz\u00e1zadi ig\u00e9nyeknek. Mit k\u00edn\u00e1lunk? Okosotthon megold\u00e1sok, amelyeket k\u00edn\u00e1lunk: Mi\u00e9rt minket v\u00e1lasszon? L\u00e9pjen kapcsolatba vel\u00fcnk m\u00e9g ma, \u00e9s automatiz\u00e1lja otthon\u00e1t!<\/p>\n","protected":false},"author":1,"featured_media":0,"parent":397,"menu_order":0,"comment_status":"closed","ping_status":"closed","template":"","meta":{"inline_featured_image":false,"footnotes":""},"class_list":["post-420","page","type-page","status-publish","hentry"],"_links":{"self":[{"href":"https:\/\/copnetiq.hu\/index.php\/wp-json\/wp\/v2\/pages\/420","targetHints":{"allow":["GET"]}}],"collection":[{"href":"https:\/\/copnetiq.hu\/index.php\/wp-json\/wp\/v2\/pages"}],"about":[{"href":"https:\/\/copnetiq.hu\/index.php\/wp-json\/wp\/v2\/types\/page"}],"author":[{"embeddable":true,"href":"https:\/\/copnetiq.hu\/index.php\/wp-json\/wp\/v2\/users\/1"}],"replies":[{"embeddable":true,"href":"https:\/\/copnetiq.hu\/index.php\/wp-json\/wp\/v2\/comments?post=420"}],"version-history":[{"count":5,"href":"https:\/\/copnetiq.hu\/index.php\/wp-json\/wp\/v2\/pages\/420\/revisions"}],"predecessor-version":[{"id":487,"href":"https:\/\/copnetiq.hu\/index.php\/wp-json\/wp\/v2\/pages\/420\/revisions\/487"}],"up":[{"embeddable":true,"href":"https:\/\/copnetiq.hu\/index.php\/wp-json\/wp\/v2\/pages\/397"}],"wp:attachment":[{"href":"https:\/\/copnetiq.hu\/index.php\/wp-json\/wp\/v2\/media?parent=420"}],"curies":[{"name":"wp","href":"https:\/\/api.w.org\/{rel}","templated":true}]}}